{"id":392,"date":"2020-07-31T14:13:52","date_gmt":"2020-07-31T14:13:52","guid":{"rendered":"https:\/\/serviceata.com\/candidat\/"},"modified":"2021-11-24T10:20:42","modified_gmt":"2021-11-24T10:20:42","slug":"notre-approche","status":"publish","type":"page","link":"https:\/\/serviceata.com\/fr\/notre-approche\/","title":{"rendered":"Notre Approche"},"content":{"rendered":"\t\t<div data-elementor-type=\"wp-page\" data-elementor-id=\"392\" class=\"elementor elementor-392 elementor-99\" data-elementor-post-type=\"page\">\n\t\t\t\t\t\t<section class=\"elementor-section elementor-top-section elementor-element elementor-element-c7b5516 elementor-section-boxed elementor-section-height-default elementor-section-height-default\" data-id=\"c7b5516\" data-element_type=\"section\" data-e-type=\"section\" data-settings=\"{&quot;background_background&quot;:&quot;classic&quot;}\">\n\t\t\t\t\t\t\t<div class=\"elementor-background-overlay\"><\/div>\n\t\t\t\t\t\t\t<div class=\"elementor-container elementor-column-gap-default\">\n\t\t\t\t\t<div class=\"elementor-column elementor-col-100 elementor-top-column elementor-element elementor-element-860a664\" data-id=\"860a664\" data-element_type=\"column\" data-e-type=\"column\">\n\t\t\t<div class=\"elementor-widget-wrap elementor-element-populated\">\n\t\t\t\t\t\t<div class=\"elementor-element elementor-element-339724e elementor-widget elementor-widget-heading\" data-id=\"339724e\" data-element_type=\"widget\" data-e-type=\"widget\" data-widget_type=\"heading.default\">\n\t\t\t\t<div class=\"elementor-widget-container\">\n\t\t\t\t\t<h1 class=\"elementor-heading-title elementor-size-default\">Notre Approche<\/h1>\t\t\t\t<\/div>\n\t\t\t\t<\/div>\n\t\t\t\t\t<\/div>\n\t\t<\/div>\n\t\t\t\t\t<\/div>\n\t\t<\/section>\n\t\t\t\t<section class=\"elementor-section elementor-top-section elementor-element elementor-element-307d8d9 elementor-section-boxed elementor-section-height-default elementor-section-height-default\" data-id=\"307d8d9\" data-element_type=\"section\" data-e-type=\"section\" data-settings=\"{&quot;background_background&quot;:&quot;classic&quot;}\">\n\t\t\t\t\t\t<div class=\"elementor-container elementor-column-gap-default\">\n\t\t\t\t\t<div class=\"elementor-column elementor-col-100 elementor-top-column elementor-element elementor-element-c842135\" data-id=\"c842135\" data-element_type=\"column\" data-e-type=\"column\">\n\t\t\t<div class=\"elementor-widget-wrap elementor-element-populated\">\n\t\t\t\t\t\t<div class=\"elementor-element elementor-element-cf98193 elementor-widget elementor-widget-heading\" data-id=\"cf98193\" data-element_type=\"widget\" data-e-type=\"widget\" data-widget_type=\"heading.default\">\n\t\t\t\t<div class=\"elementor-widget-container\">\n\t\t\t\t\t<h2 class=\"elementor-heading-title elementor-size-default\">Une approche vraiment unique<\/h2>\t\t\t\t<\/div>\n\t\t\t\t<\/div>\n\t\t\t\t<div class=\"elementor-element elementor-element-e503566 elementor-widget elementor-widget-text-editor\" data-id=\"e503566\" data-element_type=\"widget\" data-e-type=\"widget\" data-widget_type=\"text-editor.default\">\n\t\t\t\t<div class=\"elementor-widget-container\">\n\t\t\t\t\t\t\t\t\tNotre approche ax\u00e9e sur l&rsquo;\u00e9quipe garantit la qualit\u00e9 et l&rsquo;efficacit\u00e9 tout en respectant les normes les plus \u00e9lev\u00e9es en mati\u00e8re de performance technique.\n\nAvec une solide culture de mentorat en place, nous nous effor\u00e7ons d&rsquo;atteindre nos objectifs de carri\u00e8re tout en cr\u00e9ant des opportunit\u00e9s de croissance personnelle\n\nUne fois que vous avez postul\u00e9, nos consultants en recrutement exp\u00e9riment\u00e9s examineront votre candidature et vous aideront \u00e0 trouver un d\u00e9fi qui correspondra \u00e0 vos besoins et \u00e0 votre expertise.\t\t\t\t\t\t\t\t<\/div>\n\t\t\t\t<\/div>\n\t\t\t\t\t<\/div>\n\t\t<\/div>\n\t\t\t\t\t<\/div>\n\t\t<\/section>\n\t\t\t\t<\/div>\n\t\t","protected":false},"excerpt":{"rendered":"<p>Notre Approche Une approche vraiment unique Notre approche ax\u00e9e sur l&rsquo;\u00e9quipe garantit la qualit\u00e9 et l&rsquo;efficacit\u00e9 tout en respectant les normes les plus \u00e9lev\u00e9es en mati\u00e8re de performance technique. Avec une solide culture de mentorat en place, nous nous effor\u00e7ons d&rsquo;atteindre nos objectifs de carri\u00e8re tout en cr\u00e9ant des opportunit\u00e9s de croissance personnelle Une fois [&hellip;]<\/p>\n","protected":false},"author":4,"featured_media":0,"parent":0,"menu_order":0,"comment_status":"closed","ping_status":"closed","template":"elementor_header_footer","meta":{"site-sidebar-layout":"no-sidebar","site-content-layout":"page-builder","ast-site-content-layout":"","site-content-style":"default","site-sidebar-style":"default","ast-global-header-display":"","ast-banner-title-visibility":"","ast-main-header-display":"","ast-hfb-above-header-display":"","ast-hfb-below-header-display":"","ast-hfb-mobile-header-display":"","site-post-title":"disabled","ast-breadcrumbs-content":"","ast-featured-img":"disabled","footer-sml-layout":"","theme-transparent-header-meta":"default","adv-header-id-meta":"","stick-header-meta":"","header-above-stick-meta":"","header-main-stick-meta":"","header-below-stick-meta":"","astra-migrate-meta-layouts":"default","ast-page-background-enabled":"default","ast-page-background-meta":{"desktop":{"background-color":"","background-image":"","background-repeat":"repeat","background-position":"center center","background-size":"auto","background-attachment":"scroll","background-type":"","background-media":"","overlay-type":"","overlay-color":"","overlay-gradient":""},"tablet":{"background-color":"","background-image":"","background-repeat":"repeat","background-position":"center center","background-size":"auto","background-attachment":"scroll","background-type":"","background-media":"","overlay-type":"","overlay-color":"","overlay-gradient":""},"mobile":{"background-color":"","background-image":"","background-repeat":"repeat","background-position":"center center","background-size":"auto","background-attachment":"scroll","background-type":"","background-media":"","overlay-type":"","overlay-color":"","overlay-gradient":""}},"ast-content-background-meta":{"desktop":{"background-color":"var(--ast-global-color-5)","background-image":"","background-repeat":"repeat","background-position":"center center","background-size":"auto","background-attachment":"scroll","background-type":"","background-media":"","overlay-type":"","overlay-color":"","overlay-gradient":""},"tablet":{"background-color":"var(--ast-global-color-5)","background-image":"","background-repeat":"repeat","background-position":"center center","background-size":"auto","background-attachment":"scroll","background-type":"","background-media":"","overlay-type":"","overlay-color":"","overlay-gradient":""},"mobile":{"background-color":"var(--ast-global-color-5)","background-image":"","background-repeat":"repeat","background-position":"center center","background-size":"auto","background-attachment":"scroll","background-type":"","background-media":"","overlay-type":"","overlay-color":"","overlay-gradient":""}},"footnotes":""},"class_list":["post-392","page","type-page","status-publish","hentry"],"yoast_head":"<!-- This site is optimized with the Yoast SEO plugin v22.0 - https:\/\/yoast.com\/wordpress\/plugins\/seo\/ -->\n<title>Notre Approche - ATA<\/title>\n<meta name=\"robots\" content=\"index, follow, max-snippet:-1, max-image-preview:large, max-video-preview:-1\" \/>\n<link rel=\"canonical\" href=\"https:\/\/serviceata.com\/fr\/notre-approche\/\" \/>\n<meta property=\"og:locale\" content=\"fr_FR\" \/>\n<meta property=\"og:type\" content=\"article\" \/>\n<meta property=\"og:title\" content=\"Notre Approche - ATA\" \/>\n<meta property=\"og:description\" content=\"Notre Approche Une approche vraiment unique Notre approche ax\u00e9e sur l&rsquo;\u00e9quipe garantit la qualit\u00e9 et l&rsquo;efficacit\u00e9 tout en respectant les normes les plus \u00e9lev\u00e9es en mati\u00e8re de performance technique. Avec une solide culture de mentorat en place, nous nous effor\u00e7ons d&rsquo;atteindre nos objectifs de carri\u00e8re tout en cr\u00e9ant des opportunit\u00e9s de croissance personnelle Une fois [&hellip;]\" \/>\n<meta property=\"og:url\" content=\"https:\/\/serviceata.com\/fr\/notre-approche\/\" \/>\n<meta property=\"og:site_name\" content=\"ATA\" \/>\n<meta property=\"article:publisher\" content=\"https:\/\/www.facebook.com\/ServiceATA\" \/>\n<meta property=\"article:modified_time\" content=\"2021-11-24T10:20:42+00:00\" \/>\n<meta name=\"twitter:card\" content=\"summary_large_image\" \/>\n<script type=\"application\/ld+json\" class=\"yoast-schema-graph\">{\"@context\":\"https:\/\/schema.org\",\"@graph\":[{\"@type\":\"WebPage\",\"@id\":\"https:\/\/serviceata.com\/fr\/notre-approche\/\",\"url\":\"https:\/\/serviceata.com\/fr\/notre-approche\/\",\"name\":\"Notre Approche - ATA\",\"isPartOf\":{\"@id\":\"https:\/\/serviceata.com\/fr\/#website\"},\"datePublished\":\"2020-07-31T14:13:52+00:00\",\"dateModified\":\"2021-11-24T10:20:42+00:00\",\"breadcrumb\":{\"@id\":\"https:\/\/serviceata.com\/fr\/notre-approche\/#breadcrumb\"},\"inLanguage\":\"fr-FR\",\"potentialAction\":[{\"@type\":\"ReadAction\",\"target\":[\"https:\/\/serviceata.com\/fr\/notre-approche\/\"]}]},{\"@type\":\"BreadcrumbList\",\"@id\":\"https:\/\/serviceata.com\/fr\/notre-approche\/#breadcrumb\",\"itemListElement\":[{\"@type\":\"ListItem\",\"position\":1,\"name\":\"Home\",\"item\":\"https:\/\/serviceata.com\/fr\/\"},{\"@type\":\"ListItem\",\"position\":2,\"name\":\"Notre Approche\"}]},{\"@type\":\"WebSite\",\"@id\":\"https:\/\/serviceata.com\/fr\/#website\",\"url\":\"https:\/\/serviceata.com\/fr\/\",\"name\":\"ATA\",\"description\":\"ATA\",\"publisher\":{\"@id\":\"https:\/\/serviceata.com\/fr\/#organization\"},\"potentialAction\":[{\"@type\":\"SearchAction\",\"target\":{\"@type\":\"EntryPoint\",\"urlTemplate\":\"https:\/\/serviceata.com\/fr\/?s={search_term_string}\"},\"query-input\":\"required name=search_term_string\"}],\"inLanguage\":\"fr-FR\"},{\"@type\":\"Organization\",\"@id\":\"https:\/\/serviceata.com\/fr\/#organization\",\"name\":\"ATA\",\"url\":\"https:\/\/serviceata.com\/fr\/\",\"logo\":{\"@type\":\"ImageObject\",\"inLanguage\":\"fr-FR\",\"@id\":\"https:\/\/serviceata.com\/fr\/#\/schema\/logo\/image\/\",\"url\":\"https:\/\/serviceata.com\/wp-content\/uploads\/2022\/01\/cropped-logo-final.png\",\"contentUrl\":\"https:\/\/serviceata.com\/wp-content\/uploads\/2022\/01\/cropped-logo-final.png\",\"width\":235,\"height\":161,\"caption\":\"ATA\"},\"image\":{\"@id\":\"https:\/\/serviceata.com\/fr\/#\/schema\/logo\/image\/\"},\"sameAs\":[\"https:\/\/www.facebook.com\/ServiceATA\",\"https:\/\/www.linkedin.com\/company\/service-ata-inc\/\"]}]}<\/script>\n<!-- \/ Yoast SEO plugin. -->","yoast_head_json":{"title":"Notre Approche - ATA","robots":{"index":"index","follow":"follow","max-snippet":"max-snippet:-1","max-image-preview":"max-image-preview:large","max-video-preview":"max-video-preview:-1"},"canonical":"https:\/\/serviceata.com\/fr\/notre-approche\/","og_locale":"fr_FR","og_type":"article","og_title":"Notre Approche - ATA","og_description":"Notre Approche Une approche vraiment unique Notre approche ax\u00e9e sur l&rsquo;\u00e9quipe garantit la qualit\u00e9 et l&rsquo;efficacit\u00e9 tout en respectant les normes les plus \u00e9lev\u00e9es en mati\u00e8re de performance technique. Avec une solide culture de mentorat en place, nous nous effor\u00e7ons d&rsquo;atteindre nos objectifs de carri\u00e8re tout en cr\u00e9ant des opportunit\u00e9s de croissance personnelle Une fois [&hellip;]","og_url":"https:\/\/serviceata.com\/fr\/notre-approche\/","og_site_name":"ATA","article_publisher":"https:\/\/www.facebook.com\/ServiceATA","article_modified_time":"2021-11-24T10:20:42+00:00","twitter_card":"summary_large_image","schema":{"@context":"https:\/\/schema.org","@graph":[{"@type":"WebPage","@id":"https:\/\/serviceata.com\/fr\/notre-approche\/","url":"https:\/\/serviceata.com\/fr\/notre-approche\/","name":"Notre Approche - ATA","isPartOf":{"@id":"https:\/\/serviceata.com\/fr\/#website"},"datePublished":"2020-07-31T14:13:52+00:00","dateModified":"2021-11-24T10:20:42+00:00","breadcrumb":{"@id":"https:\/\/serviceata.com\/fr\/notre-approche\/#breadcrumb"},"inLanguage":"fr-FR","potentialAction":[{"@type":"ReadAction","target":["https:\/\/serviceata.com\/fr\/notre-approche\/"]}]},{"@type":"BreadcrumbList","@id":"https:\/\/serviceata.com\/fr\/notre-approche\/#breadcrumb","itemListElement":[{"@type":"ListItem","position":1,"name":"Home","item":"https:\/\/serviceata.com\/fr\/"},{"@type":"ListItem","position":2,"name":"Notre Approche"}]},{"@type":"WebSite","@id":"https:\/\/serviceata.com\/fr\/#website","url":"https:\/\/serviceata.com\/fr\/","name":"ATA","description":"ATA","publisher":{"@id":"https:\/\/serviceata.com\/fr\/#organization"},"potentialAction":[{"@type":"SearchAction","target":{"@type":"EntryPoint","urlTemplate":"https:\/\/serviceata.com\/fr\/?s={search_term_string}"},"query-input":"required name=search_term_string"}],"inLanguage":"fr-FR"},{"@type":"Organization","@id":"https:\/\/serviceata.com\/fr\/#organization","name":"ATA","url":"https:\/\/serviceata.com\/fr\/","logo":{"@type":"ImageObject","inLanguage":"fr-FR","@id":"https:\/\/serviceata.com\/fr\/#\/schema\/logo\/image\/","url":"https:\/\/serviceata.com\/wp-content\/uploads\/2022\/01\/cropped-logo-final.png","contentUrl":"https:\/\/serviceata.com\/wp-content\/uploads\/2022\/01\/cropped-logo-final.png","width":235,"height":161,"caption":"ATA"},"image":{"@id":"https:\/\/serviceata.com\/fr\/#\/schema\/logo\/image\/"},"sameAs":["https:\/\/www.facebook.com\/ServiceATA","https:\/\/www.linkedin.com\/company\/service-ata-inc\/"]}]}},"_links":{"self":[{"href":"https:\/\/serviceata.com\/fr\/wp-json\/wp\/v2\/pages\/392","targetHints":{"allow":["GET"]}}],"collection":[{"href":"https:\/\/serviceata.com\/fr\/wp-json\/wp\/v2\/pages"}],"about":[{"href":"https:\/\/serviceata.com\/fr\/wp-json\/wp\/v2\/types\/page"}],"author":[{"embeddable":true,"href":"https:\/\/serviceata.com\/fr\/wp-json\/wp\/v2\/users\/4"}],"replies":[{"embeddable":true,"href":"https:\/\/serviceata.com\/fr\/wp-json\/wp\/v2\/comments?post=392"}],"version-history":[{"count":8,"href":"https:\/\/serviceata.com\/fr\/wp-json\/wp\/v2\/pages\/392\/revisions"}],"predecessor-version":[{"id":636,"href":"https:\/\/serviceata.com\/fr\/wp-json\/wp\/v2\/pages\/392\/revisions\/636"}],"wp:attachment":[{"href":"https:\/\/serviceata.com\/fr\/wp-json\/wp\/v2\/media?parent=392"}],"curies":[{"name":"wp","href":"https:\/\/api.w.org\/{rel}","templated":true}]}}